{"id":611,"date":"2023-03-29T09:35:39","date_gmt":"2023-03-29T07:35:39","guid":{"rendered":"https:\/\/wizacom.fr\/privacy\/"},"modified":"2024-02-13T15:15:55","modified_gmt":"2024-02-13T14:15:55","slug":"privacy","status":"publish","type":"page","link":"https:\/\/wizacom.fr\/en\/privacy\/","title":{"rendered":"Privacy"},"content":{"rendered":"\t\t<div data-elementor-type=\"wp-page\" data-elementor-id=\"611\" class=\"elementor elementor-611 elementor-45\">\n\t\t\t\t\t\t\t\t\t<section class=\"elementor-section elementor-top-section elementor-element elementor-element-e356ec2 elementor-section-boxed elementor-section-height-default elementor-section-height-default\" data-id=\"e356ec2\" data-element_type=\"section\">\n\t\t\t\t\t\t<div class=\"elementor-container elementor-column-gap-no\">\n\t\t\t\t\t<div class=\"elementor-column elementor-col-100 elementor-top-column elementor-element elementor-element-62b48c9c\" data-id=\"62b48c9c\" data-element_type=\"column\">\n\t\t\t<div class=\"elementor-widget-wrap elementor-element-populated\">\n\t\t\t\t\t\t\t\t<div class=\"elementor-element elementor-element-5b826f32 premium-title-color elementor-widget elementor-widget-premium-addon-title\" data-id=\"5b826f32\" data-element_type=\"widget\" data-widget_type=\"premium-addon-title.default\">\n\t\t\t\t<div class=\"elementor-widget-container\">\n\t\t\t\n\t<div class=\"premium-title-container style7\">\n\t\t<h2 class=\"premium-title-header premium-title-style7\">\n\t\t\t\t\t\t\t\t\t\t\t\t<span class=\"premium-title-style7-stripe-wrap\">\n\t\t\t\t\t\t<span class=\"premium-title-style7-stripe\"><\/span>\n\t\t\t\t\t<\/span>\n\t\t\t\t\t\t\t\t<div class=\"premium-title-style7-inner\">\n\t\t\t\n\t\t\t\n\t\t\t\t\t\t\t\t\t\t\t\t\t\t\t\t<span class=\"premium-title-text\" >\n\t\t\t\tPrivacy and protection of personal data\t\t\t<\/span>\n\t\t\t\t\n\t\t\t\t\t\t\t<\/div>\n\t\t\t\t\t\t\t\t<\/h2>\n\t<\/div>\n\n\t\t\t\t<\/div>\n\t\t\t\t<\/div>\n\t\t\t\t<div class=\"elementor-element elementor-element-3d96b25 elementor-widget elementor-widget-text-editor\" data-id=\"3d96b25\" data-element_type=\"widget\" data-widget_type=\"text-editor.default\">\n\t\t\t\t<div class=\"elementor-widget-container\">\n\t\t\t<style>\/*! elementor - v3.12.1 - 02-04-2023 *\/\n.elementor-widget-text-editor.elementor-drop-cap-view-stacked .elementor-drop-cap{background-color:#69727d;color:#fff}.elementor-widget-text-editor.elementor-drop-cap-view-framed .elementor-drop-cap{color:#69727d;border:3px solid;background-color:transparent}.elementor-widget-text-editor:not(.elementor-drop-cap-view-default) .elementor-drop-cap{margin-top:8px}.elementor-widget-text-editor:not(.elementor-drop-cap-view-default) .elementor-drop-cap-letter{width:1em;height:1em}.elementor-widget-text-editor .elementor-drop-cap{float:left;text-align:center;line-height:1;font-size:50px}.elementor-widget-text-editor .elementor-drop-cap-letter{display:inline-block}<\/style>\t\t\t\t<p><strong>wizAcom<\/strong> undertakes to comply with the provisions of Law No. 78-17 of 6 January 1978 as amended relating to data processing, files and freedoms and Regulation (EU) 2016\/679 of the European Parliament and of the Council of 27 April 2016, says the \u201cGDPR\u201d, and to take all necessary precautions to preserve the security of the personal information entrusted to us.<\/p>\n\t\t\t\t\t\t<\/div>\n\t\t\t\t<\/div>\n\t\t\t\t\t<\/div>\n\t\t<\/div>\n\t\t\t\t\t\t\t<\/div>\n\t\t<\/section>\n\t\t\t\t<section class=\"elementor-section elementor-top-section elementor-element elementor-element-5d1c03b1 elementor-section-boxed elementor-section-height-default elementor-section-height-default\" data-id=\"5d1c03b1\" data-element_type=\"section\">\n\t\t\t\t\t\t<div class=\"elementor-container elementor-column-gap-no\">\n\t\t\t\t\t<div class=\"elementor-column elementor-col-100 elementor-top-column elementor-element elementor-element-2951834b\" data-id=\"2951834b\" data-element_type=\"column\">\n\t\t\t<div class=\"elementor-widget-wrap elementor-element-populated\">\n\t\t\t\t\t\t\t\t<div class=\"elementor-element elementor-element-6b583952 elementor-widget elementor-widget-heading\" data-id=\"6b583952\" data-element_type=\"widget\" data-widget_type=\"heading.default\">\n\t\t\t\t<div class=\"elementor-widget-container\">\n\t\t\t<style>\/*! elementor - v3.12.1 - 02-04-2023 *\/\n.elementor-heading-title{padding:0;margin:0;line-height:1}.elementor-widget-heading .elementor-heading-title[class*=elementor-size-]>a{color:inherit;font-size:inherit;line-height:inherit}.elementor-widget-heading .elementor-heading-title.elementor-size-small{font-size:15px}.elementor-widget-heading .elementor-heading-title.elementor-size-medium{font-size:19px}.elementor-widget-heading .elementor-heading-title.elementor-size-large{font-size:29px}.elementor-widget-heading .elementor-heading-title.elementor-size-xl{font-size:39px}.elementor-widget-heading .elementor-heading-title.elementor-size-xxl{font-size:59px}<\/style><h2 class=\"elementor-heading-title elementor-size-default\">1. Data collection<\/h2>\t\t<\/div>\n\t\t\t\t<\/div>\n\t\t\t\t<div class=\"elementor-element elementor-element-66cfcafe elementor-widget elementor-widget-text-editor\" data-id=\"66cfcafe\" data-element_type=\"widget\" data-widget_type=\"text-editor.default\">\n\t\t\t\t<div class=\"elementor-widget-container\">\n\t\t\t\t\t\t\t<p>The only personal data that we collect is collected through functional cookies necessary for the proper functioning of the website.<\/p>\n\t\t\t\t\t\t<\/div>\n\t\t\t\t<\/div>\n\t\t\t\t<div class=\"elementor-element elementor-element-1be36af elementor-widget elementor-widget-heading\" data-id=\"1be36af\" data-element_type=\"widget\" data-widget_type=\"heading.default\">\n\t\t\t\t<div class=\"elementor-widget-container\">\n\t\t\t<h3 class=\"elementor-heading-title elementor-size-default\">Cookies<\/h3>\t\t<\/div>\n\t\t\t\t<\/div>\n\t\t\t\t<div class=\"elementor-element elementor-element-f28c81e elementor-widget elementor-widget-text-editor\" data-id=\"f28c81e\" data-element_type=\"widget\" data-widget_type=\"text-editor.default\">\n\t\t\t\t<div class=\"elementor-widget-container\">\n\t\t\t\t\t\t\t<p><strong>To ensure a proper functioning of our services, this site uses cookies.<\/strong><br \/>A cookie is a file saved by your browser on the hard drive of your terminal (PC, tablet, smartphone) when visiting a website. A cookie file allows the server to identify the terminal (PC, tablet, smartphone) in which it is stored, during the period of validity or storage of the cookie.<\/p>\n<p><strong>What types of Cookies are used?<\/strong><br \/>This site uses functional cookies necessary for the proper functioning of the website.<br \/>The purpose of functional cookies is to facilitate navigation on the site, to allow and improve the functioning of the site as well as access to the various functionalities of the site.<\/p>\n<p><strong>Cookies list<br \/><em>1\/ wp-wpml_current_language<\/em><br \/><\/strong>Type de cookie: Functional cookie<br \/>Dur\u00e9e de conservation: 24 hours<br \/>This cookie is used to store the site\u2019s current language for navigation.<br \/><em><strong>2\/ cookie_notice_accepted<\/strong><\/em><br \/>Type of cookie: Functional cookie<br \/>Storage time: 1 month<br \/>This cookie is used to accept the pop-in associated with cookies when a user browses the site for the first time.<\/p>\n<p><strong>Enable\/disable and delete cookies<\/strong><br \/>You can use your internet browser to automatically or manually delete cookies. You can also specify that certain cookies cannot be placed. Another option is to modify the settings of your Internet browser so that you receive a message each time a cookie is placed. For more information on these options, refer to the instructions in the Help section of your browser.<br \/>Please note that our website may not function properly if all cookies are disabled. If you delete the cookies in your browser, they will be placed again after your consent when you revisit our websites.<\/p>\n\t\t\t\t\t\t<\/div>\n\t\t\t\t<\/div>\n\t\t\t\t<div class=\"elementor-element elementor-element-3524f67 elementor-widget elementor-widget-heading\" data-id=\"3524f67\" data-element_type=\"widget\" data-widget_type=\"heading.default\">\n\t\t\t\t<div class=\"elementor-widget-container\">\n\t\t\t<h3 class=\"elementor-heading-title elementor-size-default\">Embedded content from other sites<\/h3>\t\t<\/div>\n\t\t\t\t<\/div>\n\t\t\t\t<div class=\"elementor-element elementor-element-893a303 elementor-widget elementor-widget-text-editor\" data-id=\"893a303\" data-element_type=\"widget\" data-widget_type=\"text-editor.default\">\n\t\t\t\t<div class=\"elementor-widget-container\">\n\t\t\t\t\t\t\t<p>Pages on this website may include content from other websites (e.g. YouTube videos\u2026). The user experience for this content is the same as on the source website. These external websites may collect data about you, use cookies, third-party tracking tools, and track the way you interact with their content if you have an account on their website.<\/p>\n\t\t\t\t\t\t<\/div>\n\t\t\t\t<\/div>\n\t\t\t\t\t<\/div>\n\t\t<\/div>\n\t\t\t\t\t\t\t<\/div>\n\t\t<\/section>\n\t\t\t\t<section class=\"elementor-section elementor-top-section elementor-element elementor-element-1fc32710 elementor-section-boxed elementor-section-height-default elementor-section-height-default\" data-id=\"1fc32710\" data-element_type=\"section\">\n\t\t\t\t\t\t<div class=\"elementor-container elementor-column-gap-no\">\n\t\t\t\t\t<div class=\"elementor-column elementor-col-100 elementor-top-column elementor-element elementor-element-251efb74\" data-id=\"251efb74\" data-element_type=\"column\">\n\t\t\t<div class=\"elementor-widget-wrap elementor-element-populated\">\n\t\t\t\t\t\t\t\t<div class=\"elementor-element elementor-element-65a7fea7 elementor-widget elementor-widget-heading\" data-id=\"65a7fea7\" data-element_type=\"widget\" data-widget_type=\"heading.default\">\n\t\t\t\t<div class=\"elementor-widget-container\">\n\t\t\t<h2 class=\"elementor-heading-title elementor-size-default\">2. Use of the collected data<\/h2>\t\t<\/div>\n\t\t\t\t<\/div>\n\t\t\t\t<div class=\"elementor-element elementor-element-8eb40f1 elementor-widget elementor-widget-text-editor\" data-id=\"8eb40f1\" data-element_type=\"widget\" data-widget_type=\"text-editor.default\">\n\t\t\t\t<div class=\"elementor-widget-container\">\n\t\t\t\t\t\t\t<p>The purpose of processing the personal data collected is to improve the browsing experience on this site.<\/p>\n\t\t\t\t\t\t<\/div>\n\t\t\t\t<\/div>\n\t\t\t\t\t<\/div>\n\t\t<\/div>\n\t\t\t\t\t\t\t<\/div>\n\t\t<\/section>\n\t\t\t\t<section class=\"elementor-section elementor-top-section elementor-element elementor-element-52376e6f elementor-section-boxed elementor-section-height-default elementor-section-height-default\" data-id=\"52376e6f\" data-element_type=\"section\">\n\t\t\t\t\t\t<div class=\"elementor-container elementor-column-gap-no\">\n\t\t\t\t\t<div class=\"elementor-column elementor-col-100 elementor-top-column elementor-element elementor-element-2c89264a\" data-id=\"2c89264a\" data-element_type=\"column\">\n\t\t\t<div class=\"elementor-widget-wrap elementor-element-populated\">\n\t\t\t\t\t\t\t\t<div class=\"elementor-element elementor-element-f732d62 elementor-widget elementor-widget-heading\" data-id=\"f732d62\" data-element_type=\"widget\" data-widget_type=\"heading.default\">\n\t\t\t\t<div class=\"elementor-widget-container\">\n\t\t\t<h2 class=\"elementor-heading-title elementor-size-default\">3. Non-disclosure of collected data<\/h2>\t\t<\/div>\n\t\t\t\t<\/div>\n\t\t\t\t<div class=\"elementor-element elementor-element-677739d elementor-widget elementor-widget-text-editor\" data-id=\"677739d\" data-element_type=\"widget\" data-widget_type=\"text-editor.default\">\n\t\t\t\t<div class=\"elementor-widget-container\">\n\t\t\t\t\t\t\t<p>The personal data collected on the site are processed only by the members of <strong>wizAcom<\/strong>.<br \/>The information is not sold or transmitted to any third party.<\/p>\n\t\t\t\t\t\t<\/div>\n\t\t\t\t<\/div>\n\t\t\t\t\t<\/div>\n\t\t<\/div>\n\t\t\t\t\t\t\t<\/div>\n\t\t<\/section>\n\t\t\t\t<section class=\"elementor-section elementor-top-section elementor-element elementor-element-fb491ca elementor-section-boxed elementor-section-height-default elementor-section-height-default\" data-id=\"fb491ca\" data-element_type=\"section\">\n\t\t\t\t\t\t<div class=\"elementor-container elementor-column-gap-no\">\n\t\t\t\t\t<div class=\"elementor-column elementor-col-100 elementor-top-column elementor-element elementor-element-e265640\" data-id=\"e265640\" data-element_type=\"column\">\n\t\t\t<div class=\"elementor-widget-wrap elementor-element-populated\">\n\t\t\t\t\t\t\t\t<div class=\"elementor-element elementor-element-fc7d2fc elementor-widget elementor-widget-heading\" data-id=\"fc7d2fc\" data-element_type=\"widget\" data-widget_type=\"heading.default\">\n\t\t\t\t<div class=\"elementor-widget-container\">\n\t\t\t<h2 class=\"elementor-heading-title elementor-size-default\">4. Protecting your data<\/h2>\t\t<\/div>\n\t\t\t\t<\/div>\n\t\t\t\t<div class=\"elementor-element elementor-element-da61498 elementor-widget elementor-widget-text-editor\" data-id=\"da61498\" data-element_type=\"widget\" data-widget_type=\"text-editor.default\">\n\t\t\t\t<div class=\"elementor-widget-container\">\n\t\t\t\t\t\t\t<p>As the people in charge of processing your personal data, we do our best to protect your privacy when you visit our website. The personal information we collect is kept in a safe environment and all those working with us respect the confidentiality of your information.<br \/>We use several methods to secure your personal information: (HTTPS\/SSL data encryption, firewalls, backups\u2026)<\/p>\n\t\t\t\t\t\t<\/div>\n\t\t\t\t<\/div>\n\t\t\t\t\t<\/div>\n\t\t<\/div>\n\t\t\t\t\t\t\t<\/div>\n\t\t<\/section>\n\t\t\t\t<section class=\"elementor-section elementor-top-section elementor-element elementor-element-ec80ce6 elementor-section-boxed elementor-section-height-default elementor-section-height-default\" data-id=\"ec80ce6\" data-element_type=\"section\">\n\t\t\t\t\t\t<div class=\"elementor-container elementor-column-gap-no\">\n\t\t\t\t\t<div class=\"elementor-column elementor-col-100 elementor-top-column elementor-element elementor-element-1502f9f\" data-id=\"1502f9f\" data-element_type=\"column\">\n\t\t\t<div class=\"elementor-widget-wrap elementor-element-populated\">\n\t\t\t\t\t\t\t\t<div class=\"elementor-element elementor-element-058ca9f elementor-widget elementor-widget-heading\" data-id=\"058ca9f\" data-element_type=\"widget\" data-widget_type=\"heading.default\">\n\t\t\t\t<div class=\"elementor-widget-container\">\n\t\t\t<h2 class=\"elementor-heading-title elementor-size-default\">5. How long we keep your data<\/h2>\t\t<\/div>\n\t\t\t\t<\/div>\n\t\t\t\t<div class=\"elementor-element elementor-element-86f3a92 elementor-widget elementor-widget-text-editor\" data-id=\"86f3a92\" data-element_type=\"widget\" data-widget_type=\"text-editor.default\">\n\t\t\t\t<div class=\"elementor-widget-container\">\n\t\t\t\t\t\t\t<p>Your data is kept for as long as required for the purposes for which it was collected, according to legal requirements. At <strong>wizAcom<\/strong>, we keep your personal data for a maximum of 3 years, starting from your last contact with our website, whether it is for the interest of <strong>wizAcom<\/strong> or that of the Internet user.<\/p>\n\t\t\t\t\t\t<\/div>\n\t\t\t\t<\/div>\n\t\t\t\t\t<\/div>\n\t\t<\/div>\n\t\t\t\t\t\t\t<\/div>\n\t\t<\/section>\n\t\t\t\t<section class=\"elementor-section elementor-top-section elementor-element elementor-element-f7b4dcf elementor-section-boxed elementor-section-height-default elementor-section-height-default\" data-id=\"f7b4dcf\" data-element_type=\"section\">\n\t\t\t\t\t\t<div class=\"elementor-container elementor-column-gap-no\">\n\t\t\t\t\t<div class=\"elementor-column elementor-col-100 elementor-top-column elementor-element elementor-element-941d3ad\" data-id=\"941d3ad\" data-element_type=\"column\">\n\t\t\t<div class=\"elementor-widget-wrap elementor-element-populated\">\n\t\t\t\t\t\t\t\t<div class=\"elementor-element elementor-element-11296ee elementor-widget elementor-widget-heading\" data-id=\"11296ee\" data-element_type=\"widget\" data-widget_type=\"heading.default\">\n\t\t\t\t<div class=\"elementor-widget-container\">\n\t\t\t<h2 class=\"elementor-heading-title elementor-size-default\">6. Rights of Internet users regarding their personal data<\/h2>\t\t<\/div>\n\t\t\t\t<\/div>\n\t\t\t\t<div class=\"elementor-element elementor-element-4dd3c59 elementor-widget elementor-widget-text-editor\" data-id=\"4dd3c59\" data-element_type=\"widget\" data-widget_type=\"text-editor.default\">\n\t\t\t\t<div class=\"elementor-widget-container\">\n\t\t\t\t\t\t\t<p>Internet users have the possibility of exercising their rights of access, rectification, deletion, opposition, limitation of processing, portability of their personal data, the right not to be the subject of an automated individual decision and the right to revoke their consent, concerning their personal data.<\/p><p>To exercise any of these rights, send a request:<\/p>\t\t\t\t\t\t<\/div>\n\t\t\t\t<\/div>\n\t\t\t\t<section class=\"elementor-section elementor-inner-section elementor-element elementor-element-57bdca8 elementor-section-full_width elementor-section-height-default elementor-section-height-default\" data-id=\"57bdca8\" data-element_type=\"section\">\n\t\t\t\t\t\t<div class=\"elementor-container elementor-column-gap-default\">\n\t\t\t\t\t<div class=\"elementor-column elementor-col-50 elementor-inner-column elementor-element elementor-element-196858d\" data-id=\"196858d\" data-element_type=\"column\">\n\t\t\t<div class=\"elementor-widget-wrap elementor-element-populated\">\n\t\t\t\t\t\t\t\t<div class=\"elementor-element elementor-element-b9d7aa1 elementor-widget elementor-widget-text-editor\" data-id=\"b9d7aa1\" data-element_type=\"widget\" data-widget_type=\"text-editor.default\">\n\t\t\t\t<div class=\"elementor-widget-container\">\n\t\t\t\t\t\t\t<p><strong>By email to the following address<\/strong><\/p><p>contact[at]wizacom.fr<\/p>\t\t\t\t\t\t<\/div>\n\t\t\t\t<\/div>\n\t\t\t\t\t<\/div>\n\t\t<\/div>\n\t\t\t\t<div class=\"elementor-column elementor-col-50 elementor-inner-column elementor-element elementor-element-dfc1434\" data-id=\"dfc1434\" data-element_type=\"column\">\n\t\t\t<div class=\"elementor-widget-wrap elementor-element-populated\">\n\t\t\t\t\t\t\t\t<div class=\"elementor-element elementor-element-ec0673e elementor-widget elementor-widget-text-editor\" data-id=\"ec0673e\" data-element_type=\"widget\" data-widget_type=\"text-editor.default\">\n\t\t\t\t<div class=\"elementor-widget-container\">\n\t\t\t\t\t\t\t<p><strong>By mail to the following address<\/strong><\/p><p>wizAcom &#8211; Armelle Vanhoutte EI<br \/>3 rue du puits, 16730 Linars<\/p>\t\t\t\t\t\t<\/div>\n\t\t\t\t<\/div>\n\t\t\t\t\t<\/div>\n\t\t<\/div>\n\t\t\t\t\t\t\t<\/div>\n\t\t<\/section>\n\t\t\t\t<div class=\"elementor-element elementor-element-62f6a74 elementor-widget elementor-widget-text-editor\" data-id=\"62f6a74\" data-element_type=\"widget\" data-widget_type=\"text-editor.default\">\n\t\t\t\t<div class=\"elementor-widget-container\">\n\t\t\t\t\t\t\t<p><strong>wizAcom<\/strong>\u00a0will attend to you as soon as possible and latest within one month of receiving your request.<\/p>\n\t\t\t\t\t\t<\/div>\n\t\t\t\t<\/div>\n\t\t\t\t\t<\/div>\n\t\t<\/div>\n\t\t\t\t\t\t\t<\/div>\n\t\t<\/section>\n\t\t\t\t\t\t\t<\/div>\n\t\t","protected":false},"excerpt":{"rendered":"<p>Privacy and protection of personal data wizAcom undertakes to comply with the provisions of Law No. 78-17 of 6 January 1978 as amended relating to data processing, files and freedoms and Regulation (EU) 2016\/679 of the European Parliament and of the Council of 27 April 2016, says the \u201cGDPR\u201d, and to take all necessary precautions [&hellip;]<\/p>\n","protected":false},"author":3002,"featured_media":0,"parent":0,"menu_order":0,"comment_status":"closed","ping_status":"closed","template":"","meta":[],"yoast_head":"<title>[EN] Politique de confidentialit\u00e9 | wizAcom | Communication et r\u00e9daction<\/title>\n<meta name=\"description\" content=\"[EN] Politique de confidentialit\u00e9 de wizAcom. Le respect des donn\u00e9es personnelles est une priorit\u00e9. Ce site est conforme RGPD\" \/>\n<meta name=\"robots\" content=\"index, follow, max-snippet:-1, max-image-preview:large, max-video-preview:-1\" \/>\n<link rel=\"canonical\" href=\"https:\/\/wizacom.fr\/en\/privacy\/\" \/>\n<meta property=\"og:locale\" content=\"en_US\" \/>\n<meta property=\"og:type\" content=\"article\" \/>\n<meta property=\"og:title\" content=\"[EN] Politique de confidentialit\u00e9 | wizAcom | Communication et r\u00e9daction\" \/>\n<meta property=\"og:description\" content=\"[EN] Politique de confidentialit\u00e9 de wizAcom. Le respect des donn\u00e9es personnelles est une priorit\u00e9. Ce site est conforme RGPD\" \/>\n<meta property=\"og:url\" content=\"https:\/\/wizacom.fr\/en\/privacy\/\" \/>\n<meta property=\"og:site_name\" content=\"wizAcom\" \/>\n<meta property=\"article:modified_time\" content=\"2024-02-13T14:15:55+00:00\" \/>\n<meta property=\"og:image\" content=\"https:\/\/wizacom.fr\/wp-content\/uploads\/wizacom-share.jpg\" \/>\n\t<meta property=\"og:image:width\" content=\"1200\" \/>\n\t<meta property=\"og:image:height\" content=\"675\" \/>\n\t<meta property=\"og:image:type\" content=\"image\/jpeg\" \/>\n<meta name=\"twitter:card\" content=\"summary_large_image\" \/>\n<meta name=\"twitter:label1\" content=\"Est. reading time\" \/>\n\t<meta name=\"twitter:data1\" content=\"3 minutes\" \/>\n<script type=\"application\/ld+json\" class=\"yoast-schema-graph\">{\"@context\":\"https:\/\/schema.org\",\"@graph\":[{\"@type\":\"WebPage\",\"@id\":\"https:\/\/wizacom.fr\/en\/privacy\/\",\"url\":\"https:\/\/wizacom.fr\/en\/privacy\/\",\"name\":\"[EN] Politique de confidentialit\u00e9 | wizAcom | Communication et r\u00e9daction\",\"isPartOf\":{\"@id\":\"https:\/\/wizacom.fr\/en\/#website\"},\"datePublished\":\"2023-03-29T07:35:39+00:00\",\"dateModified\":\"2024-02-13T14:15:55+00:00\",\"description\":\"[EN] Politique de confidentialit\u00e9 de wizAcom. Le respect des donn\u00e9es personnelles est une priorit\u00e9. Ce site est conforme RGPD\",\"breadcrumb\":{\"@id\":\"https:\/\/wizacom.fr\/en\/privacy\/#breadcrumb\"},\"inLanguage\":\"en-US\",\"potentialAction\":[{\"@type\":\"ReadAction\",\"target\":[\"https:\/\/wizacom.fr\/en\/privacy\/\"]}]},{\"@type\":\"BreadcrumbList\",\"@id\":\"https:\/\/wizacom.fr\/en\/privacy\/#breadcrumb\",\"itemListElement\":[{\"@type\":\"ListItem\",\"position\":1,\"name\":\"Home\",\"item\":\"https:\/\/wizacom.fr\/en\/\"},{\"@type\":\"ListItem\",\"position\":2,\"name\":\"Privacy\"}]},{\"@type\":\"WebSite\",\"@id\":\"https:\/\/wizacom.fr\/en\/#website\",\"url\":\"https:\/\/wizacom.fr\/en\/\",\"name\":\"wizAcom\",\"description\":\"\",\"publisher\":{\"@id\":\"https:\/\/wizacom.fr\/en\/#organization\"},\"potentialAction\":[{\"@type\":\"SearchAction\",\"target\":{\"@type\":\"EntryPoint\",\"urlTemplate\":\"https:\/\/wizacom.fr\/en\/?s={search_term_string}\"},\"query-input\":\"required name=search_term_string\"}],\"inLanguage\":\"en-US\"},{\"@type\":\"Organization\",\"@id\":\"https:\/\/wizacom.fr\/en\/#organization\",\"name\":\"wizAcom\",\"url\":\"https:\/\/wizacom.fr\/en\/\",\"logo\":{\"@type\":\"ImageObject\",\"inLanguage\":\"en-US\",\"@id\":\"https:\/\/wizacom.fr\/en\/#\/schema\/logo\/image\/\",\"url\":\"https:\/\/wizacom.fr\/wp-content\/uploads\/logo-wizacom-bleu.svg\",\"contentUrl\":\"https:\/\/wizacom.fr\/wp-content\/uploads\/logo-wizacom-bleu.svg\",\"width\":1069,\"height\":384,\"caption\":\"wizAcom\"},\"image\":{\"@id\":\"https:\/\/wizacom.fr\/en\/#\/schema\/logo\/image\/\"}}]}<\/script>","yoast_head_json":{"title":"[EN] Politique de confidentialit\u00e9 | wizAcom | Communication et r\u00e9daction","description":"[EN] Politique de confidentialit\u00e9 de wizAcom. Le respect des donn\u00e9es personnelles est une priorit\u00e9. Ce site est conforme RGPD","robots":{"index":"index","follow":"follow","max-snippet":"max-snippet:-1","max-image-preview":"max-image-preview:large","max-video-preview":"max-video-preview:-1"},"canonical":"https:\/\/wizacom.fr\/en\/privacy\/","og_locale":"en_US","og_type":"article","og_title":"[EN] Politique de confidentialit\u00e9 | wizAcom | Communication et r\u00e9daction","og_description":"[EN] Politique de confidentialit\u00e9 de wizAcom. Le respect des donn\u00e9es personnelles est une priorit\u00e9. Ce site est conforme RGPD","og_url":"https:\/\/wizacom.fr\/en\/privacy\/","og_site_name":"wizAcom","article_modified_time":"2024-02-13T14:15:55+00:00","og_image":[{"width":1200,"height":675,"url":"https:\/\/wizacom.fr\/wp-content\/uploads\/wizacom-share.jpg","type":"image\/jpeg"}],"twitter_card":"summary_large_image","twitter_misc":{"Est. reading time":"3 minutes"},"schema":{"@context":"https:\/\/schema.org","@graph":[{"@type":"WebPage","@id":"https:\/\/wizacom.fr\/en\/privacy\/","url":"https:\/\/wizacom.fr\/en\/privacy\/","name":"[EN] Politique de confidentialit\u00e9 | wizAcom | Communication et r\u00e9daction","isPartOf":{"@id":"https:\/\/wizacom.fr\/en\/#website"},"datePublished":"2023-03-29T07:35:39+00:00","dateModified":"2024-02-13T14:15:55+00:00","description":"[EN] Politique de confidentialit\u00e9 de wizAcom. Le respect des donn\u00e9es personnelles est une priorit\u00e9. Ce site est conforme RGPD","breadcrumb":{"@id":"https:\/\/wizacom.fr\/en\/privacy\/#breadcrumb"},"inLanguage":"en-US","potentialAction":[{"@type":"ReadAction","target":["https:\/\/wizacom.fr\/en\/privacy\/"]}]},{"@type":"BreadcrumbList","@id":"https:\/\/wizacom.fr\/en\/privacy\/#breadcrumb","itemListElement":[{"@type":"ListItem","position":1,"name":"Home","item":"https:\/\/wizacom.fr\/en\/"},{"@type":"ListItem","position":2,"name":"Privacy"}]},{"@type":"WebSite","@id":"https:\/\/wizacom.fr\/en\/#website","url":"https:\/\/wizacom.fr\/en\/","name":"wizAcom","description":"","publisher":{"@id":"https:\/\/wizacom.fr\/en\/#organization"},"potentialAction":[{"@type":"SearchAction","target":{"@type":"EntryPoint","urlTemplate":"https:\/\/wizacom.fr\/en\/?s={search_term_string}"},"query-input":"required name=search_term_string"}],"inLanguage":"en-US"},{"@type":"Organization","@id":"https:\/\/wizacom.fr\/en\/#organization","name":"wizAcom","url":"https:\/\/wizacom.fr\/en\/","logo":{"@type":"ImageObject","inLanguage":"en-US","@id":"https:\/\/wizacom.fr\/en\/#\/schema\/logo\/image\/","url":"https:\/\/wizacom.fr\/wp-content\/uploads\/logo-wizacom-bleu.svg","contentUrl":"https:\/\/wizacom.fr\/wp-content\/uploads\/logo-wizacom-bleu.svg","width":1069,"height":384,"caption":"wizAcom"},"image":{"@id":"https:\/\/wizacom.fr\/en\/#\/schema\/logo\/image\/"}}]}},"_links":{"self":[{"href":"https:\/\/wizacom.fr\/en\/wp-json\/wp\/v2\/pages\/611"}],"collection":[{"href":"https:\/\/wizacom.fr\/en\/wp-json\/wp\/v2\/pages"}],"about":[{"href":"https:\/\/wizacom.fr\/en\/wp-json\/wp\/v2\/types\/page"}],"author":[{"embeddable":true,"href":"https:\/\/wizacom.fr\/en\/wp-json\/wp\/v2\/users\/3002"}],"replies":[{"embeddable":true,"href":"https:\/\/wizacom.fr\/en\/wp-json\/wp\/v2\/comments?post=611"}],"version-history":[{"count":0,"href":"https:\/\/wizacom.fr\/en\/wp-json\/wp\/v2\/pages\/611\/revisions"}],"wp:attachment":[{"href":"https:\/\/wizacom.fr\/en\/wp-json\/wp\/v2\/media?parent=611"}],"curies":[{"name":"wp","href":"https:\/\/api.w.org\/{rel}","templated":true}]}}