{"id":610,"date":"2023-03-29T09:35:12","date_gmt":"2023-03-29T07:35:12","guid":{"rendered":"https:\/\/wizacom.fr\/legal-mentions\/"},"modified":"2024-02-12T17:36:06","modified_gmt":"2024-02-12T16:36:06","slug":"legal-mentions","status":"publish","type":"page","link":"https:\/\/wizacom.fr\/en\/legal-mentions\/","title":{"rendered":"Legal Mentions"},"content":{"rendered":"\t\t<div data-elementor-type=\"wp-page\" data-elementor-id=\"610\" class=\"elementor elementor-610 elementor-44\">\n\t\t\t\t\t\t\t\t\t<section class=\"elementor-section elementor-top-section elementor-element elementor-element-2fb16c07 elementor-section-boxed elementor-section-height-default elementor-section-height-default\" data-id=\"2fb16c07\" data-element_type=\"section\">\n\t\t\t\t\t\t<div class=\"elementor-container elementor-column-gap-no\">\n\t\t\t\t\t<div class=\"elementor-column elementor-col-100 elementor-top-column elementor-element elementor-element-1e320045\" data-id=\"1e320045\" data-element_type=\"column\">\n\t\t\t<div class=\"elementor-widget-wrap elementor-element-populated\">\n\t\t\t\t\t\t\t\t<div class=\"elementor-element elementor-element-246b78d6 premium-title-color elementor-widget elementor-widget-premium-addon-title\" data-id=\"246b78d6\" data-element_type=\"widget\" data-widget_type=\"premium-addon-title.default\">\n\t\t\t\t<div class=\"elementor-widget-container\">\n\t\t\t\n\t<div class=\"premium-title-container style7\">\n\t\t<h2 class=\"premium-title-header premium-title-style7\">\n\t\t\t\t\t\t\t\t\t\t\t\t<span class=\"premium-title-style7-stripe-wrap\">\n\t\t\t\t\t\t<span class=\"premium-title-style7-stripe\"><\/span>\n\t\t\t\t\t<\/span>\n\t\t\t\t\t\t\t\t<div class=\"premium-title-style7-inner\">\n\t\t\t\n\t\t\t\n\t\t\t\t\t\t\t\t\t\t\t\t\t\t\t\t<span class=\"premium-title-text\" >\n\t\t\t\tEditorial information\t\t\t<\/span>\n\t\t\t\t\n\t\t\t\t\t\t\t<\/div>\n\t\t\t\t\t\t\t\t<\/h2>\n\t<\/div>\n\n\t\t\t\t<\/div>\n\t\t\t\t<\/div>\n\t\t\t\t<section class=\"elementor-section elementor-inner-section elementor-element elementor-element-6f0a30f elementor-section-full_width elementor-section-height-default elementor-section-height-default\" data-id=\"6f0a30f\" data-element_type=\"section\">\n\t\t\t\t\t\t<div class=\"elementor-container elementor-column-gap-default\">\n\t\t\t\t\t<div class=\"elementor-column elementor-col-25 elementor-inner-column elementor-element elementor-element-197287f\" data-id=\"197287f\" data-element_type=\"column\">\n\t\t\t<div class=\"elementor-widget-wrap elementor-element-populated\">\n\t\t\t\t\t\t\t\t<div class=\"elementor-element elementor-element-1ea6294 elementor-widget elementor-widget-heading\" data-id=\"1ea6294\" data-element_type=\"widget\" data-widget_type=\"heading.default\">\n\t\t\t\t<div class=\"elementor-widget-container\">\n\t\t\t<style>\/*! elementor - v3.12.1 - 02-04-2023 *\/\n.elementor-heading-title{padding:0;margin:0;line-height:1}.elementor-widget-heading .elementor-heading-title[class*=elementor-size-]>a{color:inherit;font-size:inherit;line-height:inherit}.elementor-widget-heading .elementor-heading-title.elementor-size-small{font-size:15px}.elementor-widget-heading .elementor-heading-title.elementor-size-medium{font-size:19px}.elementor-widget-heading .elementor-heading-title.elementor-size-large{font-size:29px}.elementor-widget-heading .elementor-heading-title.elementor-size-xl{font-size:39px}.elementor-widget-heading .elementor-heading-title.elementor-size-xxl{font-size:59px}<\/style><h3 class=\"elementor-heading-title elementor-size-default\">Publisher<\/h3>\t\t<\/div>\n\t\t\t\t<\/div>\n\t\t\t\t<div class=\"elementor-element elementor-element-38e81c9 elementor-widget elementor-widget-text-editor\" data-id=\"38e81c9\" data-element_type=\"widget\" data-widget_type=\"text-editor.default\">\n\t\t\t\t<div class=\"elementor-widget-container\">\n\t\t\t<style>\/*! elementor - v3.12.1 - 02-04-2023 *\/\n.elementor-widget-text-editor.elementor-drop-cap-view-stacked .elementor-drop-cap{background-color:#69727d;color:#fff}.elementor-widget-text-editor.elementor-drop-cap-view-framed .elementor-drop-cap{color:#69727d;border:3px solid;background-color:transparent}.elementor-widget-text-editor:not(.elementor-drop-cap-view-default) .elementor-drop-cap{margin-top:8px}.elementor-widget-text-editor:not(.elementor-drop-cap-view-default) .elementor-drop-cap-letter{width:1em;height:1em}.elementor-widget-text-editor .elementor-drop-cap{float:left;text-align:center;line-height:1;font-size:50px}.elementor-widget-text-editor .elementor-drop-cap-letter{display:inline-block}<\/style>\t\t\t\t<p><strong>wizAcom<br \/>\n<\/strong>Armelle Vanhoutte<br \/>\n3 rue du puits, 16730 Linars<br \/>\nPhone: +33 (0)6 62 84 64 70<br \/>\nEmail: contact[at]wizacom.fr<\/p>\n\t\t\t\t\t\t<\/div>\n\t\t\t\t<\/div>\n\t\t\t\t\t<\/div>\n\t\t<\/div>\n\t\t\t\t<div class=\"elementor-column elementor-col-25 elementor-inner-column elementor-element elementor-element-c0f5052\" data-id=\"c0f5052\" data-element_type=\"column\">\n\t\t\t<div class=\"elementor-widget-wrap elementor-element-populated\">\n\t\t\t\t\t\t\t\t<div class=\"elementor-element elementor-element-9525167 elementor-widget elementor-widget-heading\" data-id=\"9525167\" data-element_type=\"widget\" data-widget_type=\"heading.default\">\n\t\t\t\t<div class=\"elementor-widget-container\">\n\t\t\t<h3 class=\"elementor-heading-title elementor-size-default\">Website creation<\/h3>\t\t<\/div>\n\t\t\t\t<\/div>\n\t\t\t\t<div class=\"elementor-element elementor-element-eadd341 elementor-widget elementor-widget-text-editor\" data-id=\"eadd341\" data-element_type=\"widget\" data-widget_type=\"text-editor.default\">\n\t\t\t\t<div class=\"elementor-widget-container\">\n\t\t\t\t\t\t\t<p><strong>Writing and content<br \/>\n<\/strong>wizAcom<br \/>\n<strong>Development<\/strong><br \/>\n<a title=\"Webo Z\u00e9nith\" href=\"https:\/\/www.webozenith.com\" target=\"_blank\" rel=\"noopener\">Webo Z\u00e9nith<\/a><\/p>\n\t\t\t\t\t\t<\/div>\n\t\t\t\t<\/div>\n\t\t\t\t\t<\/div>\n\t\t<\/div>\n\t\t\t\t<div class=\"elementor-column elementor-col-25 elementor-inner-column elementor-element elementor-element-ff4e9d1\" data-id=\"ff4e9d1\" data-element_type=\"column\">\n\t\t\t<div class=\"elementor-widget-wrap elementor-element-populated\">\n\t\t\t\t\t\t\t\t<div class=\"elementor-element elementor-element-9d5250e elementor-widget elementor-widget-heading\" data-id=\"9d5250e\" data-element_type=\"widget\" data-widget_type=\"heading.default\">\n\t\t\t\t<div class=\"elementor-widget-container\">\n\t\t\t<h3 class=\"elementor-heading-title elementor-size-default\">Photo credit<\/h3>\t\t<\/div>\n\t\t\t\t<\/div>\n\t\t\t\t<div class=\"elementor-element elementor-element-d6126ee elementor-widget elementor-widget-text-editor\" data-id=\"d6126ee\" data-element_type=\"widget\" data-widget_type=\"text-editor.default\">\n\t\t\t\t<div class=\"elementor-widget-container\">\n\t\t\t\t\t\t\t<p>All the photos published on this website are the property of <strong>wizAcom<\/strong> or used with the agreement of their authors.<br \/>\n\u00a9 Copyright wizAcom<\/p>\n\t\t\t\t\t\t<\/div>\n\t\t\t\t<\/div>\n\t\t\t\t\t<\/div>\n\t\t<\/div>\n\t\t\t\t<div class=\"elementor-column elementor-col-25 elementor-inner-column elementor-element elementor-element-63803f8\" data-id=\"63803f8\" data-element_type=\"column\">\n\t\t\t<div class=\"elementor-widget-wrap elementor-element-populated\">\n\t\t\t\t\t\t\t\t<div class=\"elementor-element elementor-element-f3e494a elementor-widget elementor-widget-heading\" data-id=\"f3e494a\" data-element_type=\"widget\" data-widget_type=\"heading.default\">\n\t\t\t\t<div class=\"elementor-widget-container\">\n\t\t\t<h3 class=\"elementor-heading-title elementor-size-default\">Eco-friendly host<\/h3>\t\t<\/div>\n\t\t\t\t<\/div>\n\t\t\t\t<div class=\"elementor-element elementor-element-a07d58a elementor-widget elementor-widget-text-editor\" data-id=\"a07d58a\" data-element_type=\"widget\" data-widget_type=\"text-editor.default\">\n\t\t\t\t<div class=\"elementor-widget-container\">\n\t\t\t\t\t\t\t<p>Infomaniak<br \/>\n1227 Gen\u00e8ve, Suisse<br \/>\n<a href=\"https:\/\/www.infomaniak.com\/en\" target=\"_blank\" rel=\"noopener\">www.infomaniak.com<\/a><\/p>\n\t\t\t\t\t\t<\/div>\n\t\t\t\t<\/div>\n\t\t\t\t\t<\/div>\n\t\t<\/div>\n\t\t\t\t\t\t\t<\/div>\n\t\t<\/section>\n\t\t\t\t\t<\/div>\n\t\t<\/div>\n\t\t\t\t\t\t\t<\/div>\n\t\t<\/section>\n\t\t\t\t<section class=\"elementor-section elementor-top-section elementor-element elementor-element-c857412 elementor-section-boxed elementor-section-height-default elementor-section-height-default\" data-id=\"c857412\" data-element_type=\"section\">\n\t\t\t\t\t\t<div class=\"elementor-container elementor-column-gap-no\">\n\t\t\t\t\t<div class=\"elementor-column elementor-col-100 elementor-top-column elementor-element elementor-element-239353f\" data-id=\"239353f\" data-element_type=\"column\">\n\t\t\t<div class=\"elementor-widget-wrap elementor-element-populated\">\n\t\t\t\t\t\t\t\t<div class=\"elementor-element elementor-element-c6322f3 elementor-widget elementor-widget-heading\" data-id=\"c6322f3\" data-element_type=\"widget\" data-widget_type=\"heading.default\">\n\t\t\t\t<div class=\"elementor-widget-container\">\n\t\t\t<h2 class=\"elementor-heading-title elementor-size-default\">Intellectual property<\/h2>\t\t<\/div>\n\t\t\t\t<\/div>\n\t\t\t\t<div class=\"elementor-element elementor-element-c09b043 elementor-widget elementor-widget-text-editor\" data-id=\"c09b043\" data-element_type=\"widget\" data-widget_type=\"text-editor.default\">\n\t\t\t\t<div class=\"elementor-widget-container\">\n\t\t\t\t\t\t\t<p class=\"text-quaternary\">All content on this site, including, but not limited to, graphics, images, texts, videos, animations, logos and icons, as well as their layout, are the exclusive property of <strong>wizAcom<\/strong> excluding trademarks, logos or content belonging to other partners or authors.<\/p>\r\n<p class=\"text-quaternary\">No reproduction of the content of this site, even partial, other than those provided for in Article L 122-5 of the Intellectual Property Code, may be made without prior authorization from <strong>wizAcom<\/strong>, according to articles L 111-1, L 122-1 and L 122-4 of the CPI.<\/p>\t\t\t\t\t\t<\/div>\n\t\t\t\t<\/div>\n\t\t\t\t\t<\/div>\n\t\t<\/div>\n\t\t\t\t\t\t\t<\/div>\n\t\t<\/section>\n\t\t\t\t<section class=\"elementor-section elementor-top-section elementor-element elementor-element-63af2d9 elementor-section-boxed elementor-section-height-default elementor-section-height-default\" data-id=\"63af2d9\" data-element_type=\"section\">\n\t\t\t\t\t\t<div class=\"elementor-container elementor-column-gap-no\">\n\t\t\t\t\t<div class=\"elementor-column elementor-col-100 elementor-top-column elementor-element elementor-element-f7eb4df\" data-id=\"f7eb4df\" data-element_type=\"column\">\n\t\t\t<div class=\"elementor-widget-wrap elementor-element-populated\">\n\t\t\t\t\t\t\t\t<div class=\"elementor-element elementor-element-dd49bb3 elementor-widget elementor-widget-heading\" data-id=\"dd49bb3\" data-element_type=\"widget\" data-widget_type=\"heading.default\">\n\t\t\t\t<div class=\"elementor-widget-container\">\n\t\t\t<h2 class=\"elementor-heading-title elementor-size-default\">Protection and processing of personal data<\/h2>\t\t<\/div>\n\t\t\t\t<\/div>\n\t\t\t\t<div class=\"elementor-element elementor-element-d47b26b elementor-widget elementor-widget-text-editor\" data-id=\"d47b26b\" data-element_type=\"widget\" data-widget_type=\"text-editor.default\">\n\t\t\t\t<div class=\"elementor-widget-container\">\n\t\t\t\t\t\t\t<p class=\"text-quaternary\"><strong>wizAcom<\/strong> undertakes to comply with the provisions of Law No. 78-17 of 6 January 1978 as amended relating to data processing, files and freedoms and Regulation (EU) 2016\/679 of the European Parliament and of the Council of 27 April 2016, says the \u201cGDPR\u201d, and to take all necessary precautions to preserve the security of the personal information entrusted to us.<\/p>\n\t\t\t\t\t\t<\/div>\n\t\t\t\t<\/div>\n\t\t\t\t<div class=\"elementor-element elementor-element-1f7e94db elementor-widget elementor-widget-premium-addon-button\" data-id=\"1f7e94db\" data-element_type=\"widget\" data-widget_type=\"premium-addon-button.default\">\n\t\t\t\t<div class=\"elementor-widget-container\">\n\t\t\t\n\n\t\t<a class=\"premium-button premium-button-style1 premium-btn-sm premium-button-style1-bottom\" href=\"https:\/\/wizacom.fr\/politique-confidentialite\/\">\n\t\t\t<div class=\"premium-button-text-icon-wrapper\">\n\t\t\t\t\t\t\t\t<span >\n\t\t\t\t\tPrivacy\t\t\t\t<\/span>\n\t\t\t\t\t\t\t<\/div>\n\t\t\t\t\t\t\t\t<\/a>\n\n\n\t\t\t\t<\/div>\n\t\t\t\t<\/div>\n\t\t\t\t\t<\/div>\n\t\t<\/div>\n\t\t\t\t\t\t\t<\/div>\n\t\t<\/section>\n\t\t\t\t<section class=\"elementor-section elementor-top-section elementor-element elementor-element-9919a1f elementor-section-boxed elementor-section-height-default elementor-section-height-default\" data-id=\"9919a1f\" data-element_type=\"section\">\n\t\t\t\t\t\t<div class=\"elementor-container elementor-column-gap-no\">\n\t\t\t\t\t<div class=\"elementor-column elementor-col-100 elementor-top-column elementor-element elementor-element-fc8672c\" data-id=\"fc8672c\" data-element_type=\"column\">\n\t\t\t<div class=\"elementor-widget-wrap elementor-element-populated\">\n\t\t\t\t\t\t\t\t<div class=\"elementor-element elementor-element-5d6805a elementor-widget elementor-widget-heading\" data-id=\"5d6805a\" data-element_type=\"widget\" data-widget_type=\"heading.default\">\n\t\t\t\t<div class=\"elementor-widget-container\">\n\t\t\t<h2 class=\"elementor-heading-title elementor-size-default\">Editing of the terms of use<\/h2>\t\t<\/div>\n\t\t\t\t<\/div>\n\t\t\t\t<div class=\"elementor-element elementor-element-b759e4c elementor-widget elementor-widget-text-editor\" data-id=\"b759e4c\" data-element_type=\"widget\" data-widget_type=\"text-editor.default\">\n\t\t\t\t<div class=\"elementor-widget-container\">\n\t\t\t\t\t\t\t<p class=\"text-quaternary\"><strong>wizAcom<\/strong> reserves the right to modify, at any time and without prior notice, the present terms of use, to match the evolution of the site and\/or its operation.<\/p><p class=\"text-quaternary\"><strong>Applicable law and jurisdiction<br \/><\/strong>The present terms of use and the contents of the site are governed by the French law. The parties agree that any disputes that may arise as a result of or related to the present terms of use, if not settled amicably, shall be submitted to the competent French courts. For any question relating to the present terms of use, feel free to leave us a message at the following address: contact[at]wizacom.fr.<\/p>\t\t\t\t\t\t<\/div>\n\t\t\t\t<\/div>\n\t\t\t\t\t<\/div>\n\t\t<\/div>\n\t\t\t\t\t\t\t<\/div>\n\t\t<\/section>\n\t\t\t\t\t\t\t<\/div>\n\t\t","protected":false},"excerpt":{"rendered":"<p>Editorial information Publisher wizAcom Armelle Vanhoutte 3 rue du puits, 16730 Linars Phone: +33 (0)6 62 84 64 70 Email: contact[at]wizacom.fr Website creation Writing and content wizAcom Development Webo Z\u00e9nith Photo credit All the photos published on this website are the property of wizAcom or used with the agreement of their authors. \u00a9 Copyright wizAcom [&hellip;]<\/p>\n","protected":false},"author":3002,"featured_media":0,"parent":0,"menu_order":0,"comment_status":"closed","ping_status":"closed","template":"","meta":[],"yoast_head":"<title>[EN] Mentions l\u00e9gales de wizAcom | Communication et R\u00e9daction<\/title>\n<meta name=\"description\" content=\"[EN] Mentions l\u00e9gales du site wizAcom.fr, propri\u00e9t\u00e9 d&#039;Armelle Vanhoutte, Chef de projet communication et r\u00e9dactrice ind\u00e9pendante en Charente.\" \/>\n<meta name=\"robots\" content=\"index, follow, max-snippet:-1, max-image-preview:large, max-video-preview:-1\" \/>\n<link rel=\"canonical\" href=\"https:\/\/wizacom.fr\/en\/legal-mentions\/\" \/>\n<meta property=\"og:locale\" content=\"en_US\" \/>\n<meta property=\"og:type\" content=\"article\" \/>\n<meta property=\"og:title\" content=\"[EN] Mentions l\u00e9gales de wizAcom | Communication et R\u00e9daction\" \/>\n<meta property=\"og:description\" content=\"[EN] Mentions l\u00e9gales du site wizAcom.fr, propri\u00e9t\u00e9 d&#039;Armelle Vanhoutte, Chef de projet communication et r\u00e9dactrice ind\u00e9pendante en Charente.\" \/>\n<meta property=\"og:url\" content=\"https:\/\/wizacom.fr\/en\/legal-mentions\/\" \/>\n<meta property=\"og:site_name\" content=\"wizAcom\" \/>\n<meta property=\"article:modified_time\" content=\"2024-02-12T16:36:06+00:00\" \/>\n<meta property=\"og:image\" content=\"https:\/\/wizacom.fr\/wp-content\/uploads\/wizacom-share.jpg\" \/>\n\t<meta property=\"og:image:width\" content=\"1200\" \/>\n\t<meta property=\"og:image:height\" content=\"675\" \/>\n\t<meta property=\"og:image:type\" content=\"image\/jpeg\" \/>\n<meta name=\"twitter:card\" content=\"summary_large_image\" \/>\n<meta name=\"twitter:label1\" content=\"Est. reading time\" \/>\n\t<meta name=\"twitter:data1\" content=\"2 minutes\" \/>\n<script type=\"application\/ld+json\" class=\"yoast-schema-graph\">{\"@context\":\"https:\/\/schema.org\",\"@graph\":[{\"@type\":\"WebPage\",\"@id\":\"https:\/\/wizacom.fr\/en\/legal-mentions\/\",\"url\":\"https:\/\/wizacom.fr\/en\/legal-mentions\/\",\"name\":\"[EN] Mentions l\u00e9gales de wizAcom | Communication et R\u00e9daction\",\"isPartOf\":{\"@id\":\"https:\/\/wizacom.fr\/en\/#website\"},\"datePublished\":\"2023-03-29T07:35:12+00:00\",\"dateModified\":\"2024-02-12T16:36:06+00:00\",\"description\":\"[EN] Mentions l\u00e9gales du site wizAcom.fr, propri\u00e9t\u00e9 d'Armelle Vanhoutte, Chef de projet communication et r\u00e9dactrice ind\u00e9pendante en Charente.\",\"breadcrumb\":{\"@id\":\"https:\/\/wizacom.fr\/en\/legal-mentions\/#breadcrumb\"},\"inLanguage\":\"en-US\",\"potentialAction\":[{\"@type\":\"ReadAction\",\"target\":[\"https:\/\/wizacom.fr\/en\/legal-mentions\/\"]}]},{\"@type\":\"BreadcrumbList\",\"@id\":\"https:\/\/wizacom.fr\/en\/legal-mentions\/#breadcrumb\",\"itemListElement\":[{\"@type\":\"ListItem\",\"position\":1,\"name\":\"Home\",\"item\":\"https:\/\/wizacom.fr\/en\/\"},{\"@type\":\"ListItem\",\"position\":2,\"name\":\"Legal Mentions\"}]},{\"@type\":\"WebSite\",\"@id\":\"https:\/\/wizacom.fr\/en\/#website\",\"url\":\"https:\/\/wizacom.fr\/en\/\",\"name\":\"wizAcom\",\"description\":\"\",\"publisher\":{\"@id\":\"https:\/\/wizacom.fr\/en\/#organization\"},\"potentialAction\":[{\"@type\":\"SearchAction\",\"target\":{\"@type\":\"EntryPoint\",\"urlTemplate\":\"https:\/\/wizacom.fr\/en\/?s={search_term_string}\"},\"query-input\":\"required name=search_term_string\"}],\"inLanguage\":\"en-US\"},{\"@type\":\"Organization\",\"@id\":\"https:\/\/wizacom.fr\/en\/#organization\",\"name\":\"wizAcom\",\"url\":\"https:\/\/wizacom.fr\/en\/\",\"logo\":{\"@type\":\"ImageObject\",\"inLanguage\":\"en-US\",\"@id\":\"https:\/\/wizacom.fr\/en\/#\/schema\/logo\/image\/\",\"url\":\"https:\/\/wizacom.fr\/wp-content\/uploads\/logo-wizacom-bleu.svg\",\"contentUrl\":\"https:\/\/wizacom.fr\/wp-content\/uploads\/logo-wizacom-bleu.svg\",\"width\":1069,\"height\":384,\"caption\":\"wizAcom\"},\"image\":{\"@id\":\"https:\/\/wizacom.fr\/en\/#\/schema\/logo\/image\/\"}}]}<\/script>","yoast_head_json":{"title":"[EN] Mentions l\u00e9gales de wizAcom | Communication et R\u00e9daction","description":"[EN] Mentions l\u00e9gales du site wizAcom.fr, propri\u00e9t\u00e9 d'Armelle Vanhoutte, Chef de projet communication et r\u00e9dactrice ind\u00e9pendante en Charente.","robots":{"index":"index","follow":"follow","max-snippet":"max-snippet:-1","max-image-preview":"max-image-preview:large","max-video-preview":"max-video-preview:-1"},"canonical":"https:\/\/wizacom.fr\/en\/legal-mentions\/","og_locale":"en_US","og_type":"article","og_title":"[EN] Mentions l\u00e9gales de wizAcom | Communication et R\u00e9daction","og_description":"[EN] Mentions l\u00e9gales du site wizAcom.fr, propri\u00e9t\u00e9 d'Armelle Vanhoutte, Chef de projet communication et r\u00e9dactrice ind\u00e9pendante en Charente.","og_url":"https:\/\/wizacom.fr\/en\/legal-mentions\/","og_site_name":"wizAcom","article_modified_time":"2024-02-12T16:36:06+00:00","og_image":[{"width":1200,"height":675,"url":"https:\/\/wizacom.fr\/wp-content\/uploads\/wizacom-share.jpg","type":"image\/jpeg"}],"twitter_card":"summary_large_image","twitter_misc":{"Est. reading time":"2 minutes"},"schema":{"@context":"https:\/\/schema.org","@graph":[{"@type":"WebPage","@id":"https:\/\/wizacom.fr\/en\/legal-mentions\/","url":"https:\/\/wizacom.fr\/en\/legal-mentions\/","name":"[EN] Mentions l\u00e9gales de wizAcom | Communication et R\u00e9daction","isPartOf":{"@id":"https:\/\/wizacom.fr\/en\/#website"},"datePublished":"2023-03-29T07:35:12+00:00","dateModified":"2024-02-12T16:36:06+00:00","description":"[EN] Mentions l\u00e9gales du site wizAcom.fr, propri\u00e9t\u00e9 d'Armelle Vanhoutte, Chef de projet communication et r\u00e9dactrice ind\u00e9pendante en Charente.","breadcrumb":{"@id":"https:\/\/wizacom.fr\/en\/legal-mentions\/#breadcrumb"},"inLanguage":"en-US","potentialAction":[{"@type":"ReadAction","target":["https:\/\/wizacom.fr\/en\/legal-mentions\/"]}]},{"@type":"BreadcrumbList","@id":"https:\/\/wizacom.fr\/en\/legal-mentions\/#breadcrumb","itemListElement":[{"@type":"ListItem","position":1,"name":"Home","item":"https:\/\/wizacom.fr\/en\/"},{"@type":"ListItem","position":2,"name":"Legal Mentions"}]},{"@type":"WebSite","@id":"https:\/\/wizacom.fr\/en\/#website","url":"https:\/\/wizacom.fr\/en\/","name":"wizAcom","description":"","publisher":{"@id":"https:\/\/wizacom.fr\/en\/#organization"},"potentialAction":[{"@type":"SearchAction","target":{"@type":"EntryPoint","urlTemplate":"https:\/\/wizacom.fr\/en\/?s={search_term_string}"},"query-input":"required name=search_term_string"}],"inLanguage":"en-US"},{"@type":"Organization","@id":"https:\/\/wizacom.fr\/en\/#organization","name":"wizAcom","url":"https:\/\/wizacom.fr\/en\/","logo":{"@type":"ImageObject","inLanguage":"en-US","@id":"https:\/\/wizacom.fr\/en\/#\/schema\/logo\/image\/","url":"https:\/\/wizacom.fr\/wp-content\/uploads\/logo-wizacom-bleu.svg","contentUrl":"https:\/\/wizacom.fr\/wp-content\/uploads\/logo-wizacom-bleu.svg","width":1069,"height":384,"caption":"wizAcom"},"image":{"@id":"https:\/\/wizacom.fr\/en\/#\/schema\/logo\/image\/"}}]}},"_links":{"self":[{"href":"https:\/\/wizacom.fr\/en\/wp-json\/wp\/v2\/pages\/610"}],"collection":[{"href":"https:\/\/wizacom.fr\/en\/wp-json\/wp\/v2\/pages"}],"about":[{"href":"https:\/\/wizacom.fr\/en\/wp-json\/wp\/v2\/types\/page"}],"author":[{"embeddable":true,"href":"https:\/\/wizacom.fr\/en\/wp-json\/wp\/v2\/users\/3002"}],"replies":[{"embeddable":true,"href":"https:\/\/wizacom.fr\/en\/wp-json\/wp\/v2\/comments?post=610"}],"version-history":[{"count":0,"href":"https:\/\/wizacom.fr\/en\/wp-json\/wp\/v2\/pages\/610\/revisions"}],"wp:attachment":[{"href":"https:\/\/wizacom.fr\/en\/wp-json\/wp\/v2\/media?parent=610"}],"curies":[{"name":"wp","href":"https:\/\/api.w.org\/{rel}","templated":true}]}}